{"id":142,"date":"2018-12-02T21:02:33","date_gmt":"2018-12-02T21:02:33","guid":{"rendered":"http:\/\/td_uid_1_5c044869a61c4"},"modified":"2022-06-08T09:19:48","modified_gmt":"2022-06-08T09:19:48","slug":"hafa-samband","status":"publish","type":"page","link":"https:\/\/hestamennska.is\/?page_id=142","title":{"rendered":"Hafa samband"},"content":{"rendered":"<div id=\"tdi_1\" class=\"tdc-zone\"><div class=\"tdc_zone tdi_2  wpb_row td-pb-row\"  >\n<style scoped>\n\/* custom css - generated by TagDiv Composer *\/\n\n\/* custom css - generated by TagDiv Composer *\/\n\/* custom css - generated by TagDiv Composer *\/\n.tdi_2{\r\n                    min-height: 0;\r\n                }\n<\/style><div id=\"tdi_3\" class=\"tdc-row\"><div class=\"vc_row tdi_4  wpb_row td-pb-row\" >\n<style scoped>\n\/* custom css - generated by TagDiv Composer *\/\n\n\/* custom css - generated by TagDiv Composer *\/\n\/* custom css - generated by TagDiv Composer *\/\n.tdi_4,\r\n                .tdi_4 .tdc-columns{\r\n                    min-height: 0;\r\n                }.tdi_4,\r\n\t\t\t\t.tdi_4 .tdc-columns{\r\n\t\t\t\t    display: block;\r\n\t\t\t\t}.tdi_4 .tdc-columns{\r\n\t\t\t\t    width: 100%;\r\n\t\t\t\t}\n<\/style><div class=\"vc_column tdi_6  wpb_column vc_column_container tdc-column td-pb-span8\">\n<style scoped>\n\/* custom css - generated by TagDiv Composer *\/\n\n\/* custom css - generated by TagDiv Composer *\/\n\/* custom css - generated by TagDiv Composer *\/\n.tdi_6{\r\n                    vertical-align: baseline;\r\n                }.tdi_6 > .wpb_wrapper,\r\n\t\t\t\t.tdi_6 > .wpb_wrapper > .tdc-elements{\r\n\t\t\t\t    display: block;\r\n\t\t\t\t}.tdi_6 > .wpb_wrapper > .tdc-elements{\r\n\t\t\t\t    width: 100%;\r\n\t\t\t\t}.tdi_6 > .wpb_wrapper > .vc_row_inner{\r\n\t\t\t\t    width: auto;\r\n\t\t\t\t}.tdi_6 > .wpb_wrapper{\r\n\t\t\t\t    width: auto;\r\n\t\t\t\t    height: auto;\r\n\t\t\t\t}\n<\/style><div class=\"wpb_wrapper\" ><div class=\"wpb_wrapper wpb_text_column td_block_wrap td_block_wrap vc_column_text tdi_7  tagdiv-type td-pb-border-top td_block_template_1\"  data-td-block-uid=\"tdi_7\" >\n<style>\n\/* custom css - generated by TagDiv Composer *\/\n\/* custom css - generated by TagDiv Composer *\/\n\n<\/style><div class=\"td-block-title-wrap\"><\/div><div class=\"td-fix-index\"><p>Vefurinn Hestamennska er fj\u00f6lmi\u00f0ill um hestamennsku. Markmi\u00f0 vefsins er a\u00f0 fr\u00e6\u00f0a, veita g\u00f3\u00f0 r\u00e1\u00f0, birta vi\u00f0t\u00f6l vi\u00f0 hestamenn og afla fr\u00e9tta. Vi\u00f0 einbeitum okkur a\u00f0 vera mi\u00f0ill sem vandar til verka \u00ed efnisvali og ritstj\u00f3rn, lesendum og hestam\u00f6nnum til fr\u00f3\u00f0leiks og skemmtunar. Vefurinn er styrktur af <a href=\"http:\/\/ssv.is\/\" target=\"_blank\" rel=\"noopener\">Uppbyggingarsj\u00f3\u00f0i Vesturlands.<\/a> Ritstj\u00f3ri er \u00c1sd\u00eds Haraldsd\u00f3ttir og vefstj\u00f3ri Axel J\u00f3n Ellenarson.<\/p>\n<ul>\n<li><a href=\"mailto:augl@hestamennska.is\">Panta augl\u00fdsingabirtingu \u00e1 vefnum<\/a><\/li>\n<li><a href=\"mailto:asdis@hestamennska.is\">Senda okkur \u00e1bendingu<\/a><\/li>\n<li><a href=\"https:\/\/hestamennska.is\/wp-content\/uploads\/2018\/12\/Hestamennska-augly\u0301singar.pdf\">Ver\u00f0 og sta\u00f0setningar<\/a><\/li>\n<\/ul>\n<\/div><\/div><div class=\"vc_row_inner tdi_9  vc_row vc_inner wpb_row td-pb-row\" >\n<style scoped>\n\/* custom css - generated by TagDiv Composer *\/\n\n\/* custom css - generated by TagDiv Composer *\/\n\/* custom css - generated by TagDiv Composer *\/\n.tdi_9{\r\n                    position: relative !important;\r\n                    top: 0;\r\n                    transform: none;\r\n                    -webkit-transform: none;\r\n                }.tdi_9,\r\n\t\t\t\t.tdi_9 .tdc-inner-columns{\r\n\t\t\t\t    display: block;\r\n\t\t\t\t}.tdi_9 .tdc-inner-columns{\r\n\t\t\t\t    width: 100%;\r\n\t\t\t\t}\n<\/style><div class=\"vc_column_inner tdi_11  wpb_column vc_column_container tdc-inner-column td-pb-span6\">\n<style scoped>\n\/* custom css - generated by TagDiv Composer *\/\n\n\/* custom css - generated by TagDiv Composer *\/\n\/* custom css - generated by TagDiv Composer *\/\n.tdi_11{\r\n                    vertical-align: baseline;\r\n                }.tdi_11 .vc_column-inner > .wpb_wrapper,\r\n\t\t\t\t.tdi_11 .vc_column-inner > .wpb_wrapper .tdc-elements{\r\n\t\t\t\t    display: block;\r\n\t\t\t\t}.tdi_11 .vc_column-inner > .wpb_wrapper .tdc-elements{\r\n\t\t\t\t    width: 100%;\r\n\t\t\t\t}\n<\/style><div class=\"vc_column-inner\"><div class=\"wpb_wrapper\" ><div class=\"td_block_wrap td_block_text_with_title tdi_12 tagdiv-type td-pb-border-top td_block_template_1\"  data-td-block-uid=\"tdi_12\" >\n<style>\n\/* custom css - generated by TagDiv Composer *\/\n\n<\/style>\n<style>\n\/* custom css - generated by TagDiv Composer *\/\n\/* custom css - generated by TagDiv Composer *\/\n.td_block_text_with_title{\r\n                  margin-bottom: 44px;\r\n                  -webkit-transform: translateZ(0);\r\n                  transform: translateZ(0);\r\n                }.td_block_text_with_title p:last-child{\r\n                  margin-bottom: 0;\r\n                }\n<\/style><div class=\"td-block-title-wrap\"><h4 class=\"block-title td-block-title\"><span class=\"td-pulldown-size\">AUGL\u00ddSINGAR<\/span><\/h4><\/div><div class=\"td_mod_wrap td-fix-index\"><p><strong>Fyrirt\u00e6ki og stofnanir\u00a0<\/strong>geta augl\u00fdst \u00e1 vefnum. Bor\u00f0ast\u00e6r\u00f0ir \u00e1 vefnum er helstar 300&#215;250 px, 310&#215;400 px og 728&#215;90 px. Sendi\u00f0 okkur p\u00f3st til a\u00f0 afla frekari uppl\u00fdsinga um ver\u00f0 \u00e1 birtingum.<\/p>\n<\/div><\/div><\/div><\/div><\/div><div class=\"vc_column_inner tdi_14  wpb_column vc_column_container tdc-inner-column td-pb-span6\">\n<style scoped>\n\/* custom css - generated by TagDiv Composer *\/\n\n\/* custom css - generated by TagDiv Composer *\/\n\/* custom css - generated by TagDiv Composer *\/\n.tdi_14{\r\n                    vertical-align: baseline;\r\n                }.tdi_14 .vc_column-inner > .wpb_wrapper,\r\n\t\t\t\t.tdi_14 .vc_column-inner > .wpb_wrapper .tdc-elements{\r\n\t\t\t\t    display: block;\r\n\t\t\t\t}.tdi_14 .vc_column-inner > .wpb_wrapper .tdc-elements{\r\n\t\t\t\t    width: 100%;\r\n\t\t\t\t}\n<\/style><div class=\"vc_column-inner\"><div class=\"wpb_wrapper\" ><div class=\"td_block_wrap td_block_text_with_title tdi_15 tagdiv-type td-pb-border-top td_block_template_1\"  data-td-block-uid=\"tdi_15\" >\n<style>\n\/* custom css - generated by TagDiv Composer *\/\n\n<\/style>\n<style>\n\/* custom css - generated by TagDiv Composer *\/\n\/* custom css - generated by TagDiv Composer *\/\n\n<\/style><div class=\"td-block-title-wrap\"><h4 class=\"block-title td-block-title\"><span class=\"td-pulldown-size\">TILGANGUR<\/span><\/h4><\/div><div class=\"td_mod_wrap td-fix-index\"><p><strong>Fr\u00e6\u00f0sla og uppl\u00fdsingar<\/strong>\u00a0um hestamennsku eru okkar \u00e6r og k\u00fdr. Ef \u00fe\u00fa ert me\u00f0 skemmtilega \u00e1bendingu e\u00f0a mikilv\u00e6ga \u00fe\u00e1 haf\u00f0u samband vi\u00f0 okkur me\u00f0 \u00fev\u00ed a\u00f0 senda t\u00f6lvup\u00f3st.<\/p>\n<\/div><\/div><\/div><\/div><\/div><\/div><div class=\"vc_row_inner tdi_17  vc_row vc_inner wpb_row td-pb-row\" >\n<style scoped>\n\/* custom css - generated by TagDiv Composer *\/\n\n\/* custom css - generated by TagDiv Composer *\/\n\/* custom css - generated by TagDiv Composer *\/\n.tdi_17{\r\n                    position: relative !important;\r\n                    top: 0;\r\n                    transform: none;\r\n                    -webkit-transform: none;\r\n                }.tdi_17,\r\n\t\t\t\t.tdi_17 .tdc-inner-columns{\r\n\t\t\t\t    display: block;\r\n\t\t\t\t}.tdi_17 .tdc-inner-columns{\r\n\t\t\t\t    width: 100%;\r\n\t\t\t\t}\n<\/style><div class=\"vc_column_inner tdi_19  wpb_column vc_column_container tdc-inner-column td-pb-span12\">\n<style scoped>\n\/* custom css - generated by TagDiv Composer *\/\n\n\/* custom css - generated by TagDiv Composer *\/\n\/* custom css - generated by TagDiv Composer *\/\n.tdi_19{\r\n                    vertical-align: baseline;\r\n                }.tdi_19 .vc_column-inner > .wpb_wrapper,\r\n\t\t\t\t.tdi_19 .vc_column-inner > .wpb_wrapper .tdc-elements{\r\n\t\t\t\t    display: block;\r\n\t\t\t\t}.tdi_19 .vc_column-inner > .wpb_wrapper .tdc-elements{\r\n\t\t\t\t    width: 100%;\r\n\t\t\t\t}\n<\/style><div class=\"vc_column-inner\"><div class=\"wpb_wrapper\" ><div class=\"wpb_wrapper td_block_wrap vc_raw_html tdi_21 \"><div class=\"td-fix-index\"><h4 class=\"block-title\"><span>SENDU OKKUR T\u00d6LVUP\u00d3ST<\/span><\/h4><\/div><\/div><\/div><\/div><\/div><\/div><div class=\"vc_row_inner tdi_23  vc_row vc_inner wpb_row td-pb-row\" >\n<style scoped>\n\/* custom css - generated by TagDiv Composer *\/\n\n\/* custom css - generated by TagDiv Composer *\/\n\/* custom css - generated by TagDiv Composer *\/\n.tdi_23{\r\n                    position: relative !important;\r\n                    top: 0;\r\n                    transform: none;\r\n                    -webkit-transform: none;\r\n                }.tdi_23,\r\n\t\t\t\t.tdi_23 .tdc-inner-columns{\r\n\t\t\t\t    display: block;\r\n\t\t\t\t}.tdi_23 .tdc-inner-columns{\r\n\t\t\t\t    width: 100%;\r\n\t\t\t\t}\n<\/style><div class=\"vc_column_inner tdi_25  wpb_column vc_column_container tdc-inner-column td-pb-span12\">\n<style scoped>\n\/* custom css - generated by TagDiv Composer *\/\n\n\/* custom css - generated by TagDiv Composer *\/\n\/* custom css - generated by TagDiv Composer *\/\n.tdi_25{\r\n                    vertical-align: baseline;\r\n                }.tdi_25 .vc_column-inner > .wpb_wrapper,\r\n\t\t\t\t.tdi_25 .vc_column-inner > .wpb_wrapper .tdc-elements{\r\n\t\t\t\t    display: block;\r\n\t\t\t\t}.tdi_25 .vc_column-inner > .wpb_wrapper .tdc-elements{\r\n\t\t\t\t    width: 100%;\r\n\t\t\t\t}\n<\/style><div class=\"vc_column-inner\"><div class=\"wpb_wrapper\" ><div class=\"wpb_wrapper wpb_text_column td_block_wrap td_block_wrap vc_column_text tdi_26  tagdiv-type td-pb-border-top td_block_template_1\"  data-td-block-uid=\"tdi_26\" >\n<style>\n\/* custom css - generated by TagDiv Composer *\/\n\/* custom css - generated by TagDiv Composer *\/\n\n<\/style><div class=\"td-block-title-wrap\"><\/div><div class=\"td-fix-index\"><div id=\"wpcf7-f7-o1\" class=\"wpcf7\" dir=\"ltr\" lang=\"en-US\" role=\"form\">\n<div class=\"screen-reader-response\"><\/div>\n<form class=\"wpcf7-form\" action=\"\/wp-admin\/post.php?post_id=142&amp;td_action=tdc&amp;tdbTemplateType=page&amp;prev_url=%2F%2Fhestamennska.is%2Fcontact%2F#wpcf7-f7-o1\" method=\"post\" novalidate=\"novalidate\">\n<div style=\"display: none;\"><input name=\"_wpcf7\" type=\"hidden\" value=\"7\" \/><br \/>\n<input name=\"_wpcf7_version\" type=\"hidden\" value=\"5.0.5\" \/><br \/>\n<input name=\"_wpcf7_locale\" type=\"hidden\" value=\"en_US\" \/><br \/>\n<input name=\"_wpcf7_unit_tag\" type=\"hidden\" value=\"wpcf7-f7-o1\" \/><br \/>\n<input name=\"_wpcf7_container_post\" type=\"hidden\" value=\"0\" \/><\/div>\n<div role=\"form\" class=\"wpcf7\" id=\"wpcf7-f7-o1\" lang=\"en-US\" dir=\"ltr\">\n<div class=\"screen-reader-response\"><p role=\"status\" aria-live=\"polite\" aria-atomic=\"true\"><\/p> <ul><\/ul><\/div>\n<form action=\"\/index.php?rest_route=%2Fwp%2Fv2%2Fpages%2F142#wpcf7-f7-o1\" method=\"post\" class=\"wpcf7-form init\" novalidate=\"novalidate\" data-status=\"init\">\n<div style=\"display: none;\">\n<input type=\"hidden\" name=\"_wpcf7\" value=\"7\" \/>\n<input type=\"hidden\" name=\"_wpcf7_version\" value=\"5.6.4\" \/>\n<input type=\"hidden\" name=\"_wpcf7_locale\" value=\"en_US\" \/>\n<input type=\"hidden\" name=\"_wpcf7_unit_tag\" value=\"wpcf7-f7-o1\" \/>\n<input type=\"hidden\" name=\"_wpcf7_container_post\" value=\"0\" \/>\n<input type=\"hidden\" name=\"_wpcf7_posted_data_hash\" value=\"\" \/>\n<\/div>\n<p><label> Nafn (Nau\u00f0synlegt)<br \/>\n    <span class=\"wpcf7-form-control-wrap\" data-name=\"your-name\"><input type=\"text\" name=\"your-name\" value=\"\" size=\"40\" class=\"wpcf7-form-control wpcf7-text wpcf7-validates-as-required\" aria-required=\"true\" aria-invalid=\"false\" \/><\/span> <\/label><\/p>\n<p><label> Netfang (Nau\u00f0synlegt)<br \/>\n    <span class=\"wpcf7-form-control-wrap\" data-name=\"your-email\"><input type=\"email\" name=\"your-email\" value=\"\" size=\"40\" class=\"wpcf7-form-control wpcf7-text wpcf7-email wpcf7-validates-as-required wpcf7-validates-as-email\" aria-required=\"true\" aria-invalid=\"false\" \/><\/span> <\/label><\/p>\n<p><label> Efni<br \/>\n    <span class=\"wpcf7-form-control-wrap\" data-name=\"your-subject\"><input type=\"text\" name=\"your-subject\" value=\"\" size=\"40\" class=\"wpcf7-form-control wpcf7-text\" aria-invalid=\"false\" \/><\/span> <\/label><\/p>\n<p><label> Skilabo\u00f0<br \/>\n    <span class=\"wpcf7-form-control-wrap\" data-name=\"your-message\"><textarea name=\"your-message\" cols=\"40\" rows=\"10\" class=\"wpcf7-form-control wpcf7-textarea\" aria-invalid=\"false\"><\/textarea><\/span> <\/label><\/p>\n<p><input type=\"submit\" value=\"Senda\" class=\"wpcf7-form-control has-spinner wpcf7-submit\" \/><\/p>\n<p style=\"display: none !important;\"><label>&#916;<textarea name=\"_wpcf7_ak_hp_textarea\" cols=\"45\" rows=\"8\" maxlength=\"100\"><\/textarea><\/label><input type=\"hidden\" id=\"ak_js_1\" name=\"_wpcf7_ak_js\" value=\"241\"\/><script>document.getElementById( \"ak_js_1\" ).setAttribute( \"value\", ( new Date() ).getTime() );<\/script><\/p><div class=\"wpcf7-response-output\" aria-hidden=\"true\"><\/div><\/form><\/div>\n<\/form>\n<\/div>\n<\/div><\/div><\/div><\/div><\/div><\/div><\/div><\/div><div class=\"vc_column tdi_28  wpb_column vc_column_container tdc-column td-pb-span4\">\n<style scoped>\n\/* custom css - generated by TagDiv Composer *\/\n\n\/* custom css - generated by TagDiv Composer *\/\n\/* custom css - generated by TagDiv Composer *\/\n.tdi_28{\r\n                    vertical-align: baseline;\r\n                }.tdi_28 > .wpb_wrapper,\r\n\t\t\t\t.tdi_28 > .wpb_wrapper > .tdc-elements{\r\n\t\t\t\t    display: block;\r\n\t\t\t\t}.tdi_28 > .wpb_wrapper > .tdc-elements{\r\n\t\t\t\t    width: 100%;\r\n\t\t\t\t}.tdi_28 > .wpb_wrapper > .vc_row_inner{\r\n\t\t\t\t    width: auto;\r\n\t\t\t\t}.tdi_28 > .wpb_wrapper{\r\n\t\t\t\t    width: auto;\r\n\t\t\t\t    height: auto;\r\n\t\t\t\t}\n<\/style><div class=\"wpb_wrapper\" ><div class=\"td_block_wrap td_block_2 tdi_29 td-pb-border-top td_block_template_1 td-column-1 td_block_padding\"  data-td-block-uid=\"tdi_29\" >\n<style>\n\/* custom css - generated by TagDiv Composer *\/\n\n<\/style>\n<style>\n\/* custom css - generated by TagDiv Composer *\/\n\/* custom css - generated by TagDiv Composer *\/\n\n<\/style><script>var block_tdi_29 = new tdBlock();\nblock_tdi_29.id = \"tdi_29\";\nblock_tdi_29.atts = '{\"limit\":\"3\",\"custom_title\":\"N\\u00ddJAST \\u00c1 VEFNUM\",\"td_filter_default_txt\":\"All\",\"block_type\":\"td_block_2\",\"separator\":\"\",\"custom_url\":\"\",\"block_template_id\":\"\",\"m2_tl\":\"\",\"m2_el\":\"\",\"m6_tl\":\"\",\"post_ids\":\"\",\"category_id\":\"\",\"taxonomies\":\"\",\"category_ids\":\"\",\"in_all_terms\":\"\",\"tag_slug\":\"\",\"autors_id\":\"\",\"installed_post_types\":\"\",\"include_cf_posts\":\"\",\"exclude_cf_posts\":\"\",\"sort\":\"\",\"popular_by_date\":\"\",\"linked_posts\":\"\",\"favourite_only\":\"\",\"offset\":\"\",\"open_in_new_window\":\"\",\"show_modified_date\":\"\",\"time_ago\":\"\",\"time_ago_add_txt\":\"ago\",\"time_ago_txt_pos\":\"\",\"review_source\":\"\",\"el_class\":\"\",\"td_ajax_filter_type\":\"\",\"td_ajax_filter_ids\":\"\",\"td_ajax_preloading\":\"\",\"f_header_font_header\":\"\",\"f_header_font_title\":\"Block header\",\"f_header_font_settings\":\"\",\"f_header_font_family\":\"\",\"f_header_font_size\":\"\",\"f_header_font_line_height\":\"\",\"f_header_font_style\":\"\",\"f_header_font_weight\":\"\",\"f_header_font_transform\":\"\",\"f_header_font_spacing\":\"\",\"f_header_\":\"\",\"f_ajax_font_title\":\"Ajax categories\",\"f_ajax_font_settings\":\"\",\"f_ajax_font_family\":\"\",\"f_ajax_font_size\":\"\",\"f_ajax_font_line_height\":\"\",\"f_ajax_font_style\":\"\",\"f_ajax_font_weight\":\"\",\"f_ajax_font_transform\":\"\",\"f_ajax_font_spacing\":\"\",\"f_ajax_\":\"\",\"f_more_font_title\":\"Load more button\",\"f_more_font_settings\":\"\",\"f_more_font_family\":\"\",\"f_more_font_size\":\"\",\"f_more_font_line_height\":\"\",\"f_more_font_style\":\"\",\"f_more_font_weight\":\"\",\"f_more_font_transform\":\"\",\"f_more_font_spacing\":\"\",\"f_more_\":\"\",\"m2f_title_font_header\":\"\",\"m2f_title_font_title\":\"Article title\",\"m2f_title_font_settings\":\"\",\"m2f_title_font_family\":\"\",\"m2f_title_font_size\":\"\",\"m2f_title_font_line_height\":\"\",\"m2f_title_font_style\":\"\",\"m2f_title_font_weight\":\"\",\"m2f_title_font_transform\":\"\",\"m2f_title_font_spacing\":\"\",\"m2f_title_\":\"\",\"m2f_cat_font_title\":\"Article category tag\",\"m2f_cat_font_settings\":\"\",\"m2f_cat_font_family\":\"\",\"m2f_cat_font_size\":\"\",\"m2f_cat_font_line_height\":\"\",\"m2f_cat_font_style\":\"\",\"m2f_cat_font_weight\":\"\",\"m2f_cat_font_transform\":\"\",\"m2f_cat_font_spacing\":\"\",\"m2f_cat_\":\"\",\"m2f_meta_font_title\":\"Article meta info\",\"m2f_meta_font_settings\":\"\",\"m2f_meta_font_family\":\"\",\"m2f_meta_font_size\":\"\",\"m2f_meta_font_line_height\":\"\",\"m2f_meta_font_style\":\"\",\"m2f_meta_font_weight\":\"\",\"m2f_meta_font_transform\":\"\",\"m2f_meta_font_spacing\":\"\",\"m2f_meta_\":\"\",\"m2f_ex_font_title\":\"Article excerpt\",\"m2f_ex_font_settings\":\"\",\"m2f_ex_font_family\":\"\",\"m2f_ex_font_size\":\"\",\"m2f_ex_font_line_height\":\"\",\"m2f_ex_font_style\":\"\",\"m2f_ex_font_weight\":\"\",\"m2f_ex_font_transform\":\"\",\"m2f_ex_font_spacing\":\"\",\"m2f_ex_\":\"\",\"m6f_title_font_header\":\"\",\"m6f_title_font_title\":\"Article title\",\"m6f_title_font_settings\":\"\",\"m6f_title_font_family\":\"\",\"m6f_title_font_size\":\"\",\"m6f_title_font_line_height\":\"\",\"m6f_title_font_style\":\"\",\"m6f_title_font_weight\":\"\",\"m6f_title_font_transform\":\"\",\"m6f_title_font_spacing\":\"\",\"m6f_title_\":\"\",\"m6f_cat_font_title\":\"Article category tag\",\"m6f_cat_font_settings\":\"\",\"m6f_cat_font_family\":\"\",\"m6f_cat_font_size\":\"\",\"m6f_cat_font_line_height\":\"\",\"m6f_cat_font_style\":\"\",\"m6f_cat_font_weight\":\"\",\"m6f_cat_font_transform\":\"\",\"m6f_cat_font_spacing\":\"\",\"m6f_cat_\":\"\",\"m6f_meta_font_title\":\"Article meta info\",\"m6f_meta_font_settings\":\"\",\"m6f_meta_font_family\":\"\",\"m6f_meta_font_size\":\"\",\"m6f_meta_font_line_height\":\"\",\"m6f_meta_font_style\":\"\",\"m6f_meta_font_weight\":\"\",\"m6f_meta_font_transform\":\"\",\"m6f_meta_font_spacing\":\"\",\"m6f_meta_\":\"\",\"ajax_pagination\":\"\",\"ajax_pagination_next_prev_swipe\":\"\",\"ajax_pagination_infinite_stop\":\"\",\"css\":\"\",\"tdc_css\":\"\",\"td_column_number\":1,\"header_color\":\"\",\"color_preset\":\"\",\"border_top\":\"\",\"class\":\"tdi_29\",\"tdc_css_class\":\"tdi_29\",\"tdc_css_class_style\":\"tdi_29_rand_style\"}';\nblock_tdi_29.td_column_number = \"1\";\nblock_tdi_29.block_type = \"td_block_2\";\nblock_tdi_29.post_count = \"3\";\nblock_tdi_29.found_posts = \"54\";\nblock_tdi_29.header_color = \"\";\nblock_tdi_29.ajax_pagination_infinite_stop = \"\";\nblock_tdi_29.max_num_pages = \"18\";\ntdBlocksArray.push(block_tdi_29);\n<\/script><div class=\"td-block-title-wrap\"><h4 class=\"block-title td-block-title\"><span class=\"td-pulldown-size\">N\u00ddJAST \u00c1 VEFNUM<\/span><\/h4><\/div><div id=tdi_29 class=\"td_block_inner\">\n\n\t<div class=\"td-block-span12\">\n\r\n        <div class=\"td_module_2 td_module_wrap td-animation-stack\">\r\n            <div class=\"td-module-image\">\r\n                <div class=\"td-module-thumb\"><a href=\"https:\/\/hestamennska.is\/?p=1346\" rel=\"bookmark\" class=\"td-image-wrap \" title=\"Mesta fo\u0301\u00f0urbreyting sem hross ver\u00f0a fyrir er \u00feegar \u00feeim er sleppt \u00e1 vorin\"><img loading=\"lazy\" decoding=\"async\" width=\"324\" height=\"160\" class=\"entry-thumb\" src=\"https:\/\/hestamennska.is\/wp-content\/uploads\/2021\/06\/A\u0301rgangur-2011-324x160.jpg\"  srcset=\"https:\/\/hestamennska.is\/wp-content\/uploads\/2021\/06\/A\u0301rgangur-2011-324x160.jpg 324w, https:\/\/hestamennska.is\/wp-content\/uploads\/2021\/06\/A\u0301rgangur-2011-533x261.jpg 533w\" sizes=\"(max-width: 324px) 100vw, 324px\"  alt=\"Mesta f\u00f3\u00f0urbreyting\" title=\"Mesta fo\u0301\u00f0urbreyting sem hross ver\u00f0a fyrir er \u00feegar \u00feeim er sleppt \u00e1 vorin\" \/><\/a><\/div>                <a href=\"https:\/\/hestamennska.is\/?cat=18\" class=\"td-post-category\">Fr\u00f3\u00f0leikur<\/a>            <\/div>\r\n            <h3 class=\"entry-title td-module-title\"><a href=\"https:\/\/hestamennska.is\/?p=1346\" rel=\"bookmark\" title=\"Mesta fo\u0301\u00f0urbreyting sem hross ver\u00f0a fyrir er \u00feegar \u00feeim er sleppt \u00e1 vorin\">Mesta fo\u0301\u00f0urbreyting sem hross ver\u00f0a fyrir er \u00feegar \u00feeim er sleppt...<\/a><\/h3>\r\n\r\n            <div class=\"td-module-meta-info\">\r\n                <span class=\"td-post-author-name\"><a href=\"https:\/\/hestamennska.is\/author\/asdish19\">\u00c1sd\u00eds Haraldsd\u00f3ttir<\/a> <span>-<\/span> <\/span>                <span class=\"td-post-date\"><time class=\"entry-date updated td-module-date\" datetime=\"2023-06-02T08:15:33+00:00\" >02\/06\/2023<\/time><\/span>                            <\/div>\r\n\r\n\r\n            <div class=\"td-excerpt\">\r\n                Bu\u0301ast ma\u0301 vi\u00f0 a\u00f0 margir hestamenn stefni \u00e1 a\u00f0 sleppa rei\u00f0hestum s\u00ednum \u00ed sumarhagana \u00e1 n\u00e6stu d\u00f6gum e\u00f0a vikum. A\u00f0 m\u00f6rgu er a\u00f0 hyggja...            <\/div>\r\n\r\n            \r\n        <\/div>\r\n\r\n        \n\t<\/div> <!-- .\/td-block-span12 -->\n\n\t<div class=\"td-block-span12\">\n\r\n        <div class=\"td_module_6 td_module_wrap td-animation-stack\">\r\n\r\n        <div class=\"td-module-thumb\"><a href=\"https:\/\/hestamennska.is\/?p=1412\" rel=\"bookmark\" class=\"td-image-wrap \" title=\"Hr\u00f6\u00f0 \u00f6ndun \u00ed miklu frosti getur ska\u00f0a\u00f0 lungu hrossa\"><img loading=\"lazy\" decoding=\"async\" width=\"100\" height=\"70\" class=\"entry-thumb\" src=\"https:\/\/hestamennska.is\/wp-content\/uploads\/2022\/12\/2018-11-05-15.19.48-100x70.jpeg\"  srcset=\"https:\/\/hestamennska.is\/wp-content\/uploads\/2022\/12\/2018-11-05-15.19.48-100x70.jpeg 100w, https:\/\/hestamennska.is\/wp-content\/uploads\/2022\/12\/2018-11-05-15.19.48-218x150.jpeg 218w, https:\/\/hestamennska.is\/wp-content\/uploads\/2022\/12\/2018-11-05-15.19.48-300x214.jpeg 300w\" sizes=\"(max-width: 100px) 100vw, 100px\"  alt=\"A\u00f0 r\u00ed\u00f0a \u00fat \u00ed frosti\" title=\"Hr\u00f6\u00f0 \u00f6ndun \u00ed miklu frosti getur ska\u00f0a\u00f0 lungu hrossa\" \/><\/a><\/div>\r\n        <div class=\"item-details\">\r\n            <h3 class=\"entry-title td-module-title\"><a href=\"https:\/\/hestamennska.is\/?p=1412\" rel=\"bookmark\" title=\"Hr\u00f6\u00f0 \u00f6ndun \u00ed miklu frosti getur ska\u00f0a\u00f0 lungu hrossa\">Hr\u00f6\u00f0 \u00f6ndun \u00ed miklu frosti getur ska\u00f0a\u00f0 lungu hrossa<\/a><\/h3>            <div class=\"td-module-meta-info\">\r\n                                                <span class=\"td-post-date\"><time class=\"entry-date updated td-module-date\" datetime=\"2022-12-30T15:58:13+00:00\" >30\/12\/2022<\/time><\/span>                            <\/div>\r\n        <\/div>\r\n\r\n        <\/div>\r\n\r\n        \n\t<\/div> <!-- .\/td-block-span12 -->\n\n\t<div class=\"td-block-span12\">\n\r\n        <div class=\"td_module_6 td_module_wrap td-animation-stack\">\r\n\r\n        <div class=\"td-module-thumb\"><a href=\"https:\/\/hestamennska.is\/?p=1389\" rel=\"bookmark\" class=\"td-image-wrap \" title=\"Magas\u00e1r mun algengara \u00ed \u00edslenskum hrossum en \u00e1\u00f0ur var tali\u00f0\"><img loading=\"lazy\" decoding=\"async\" width=\"100\" height=\"70\" class=\"entry-thumb\" src=\"https:\/\/hestamennska.is\/wp-content\/uploads\/2022\/11\/Hross-a-beit-100x70.jpeg\"  srcset=\"https:\/\/hestamennska.is\/wp-content\/uploads\/2022\/11\/Hross-a-beit-100x70.jpeg 100w, https:\/\/hestamennska.is\/wp-content\/uploads\/2022\/11\/Hross-a-beit-218x150.jpeg 218w, https:\/\/hestamennska.is\/wp-content\/uploads\/2022\/11\/Hross-a-beit-300x214.jpeg 300w\" sizes=\"(max-width: 100px) 100vw, 100px\"  alt=\"Tryooi \u00ed haga\" title=\"Magas\u00e1r mun algengara \u00ed \u00edslenskum hrossum en \u00e1\u00f0ur var tali\u00f0\" \/><\/a><\/div>\r\n        <div class=\"item-details\">\r\n            <h3 class=\"entry-title td-module-title\"><a href=\"https:\/\/hestamennska.is\/?p=1389\" rel=\"bookmark\" title=\"Magas\u00e1r mun algengara \u00ed \u00edslenskum hrossum en \u00e1\u00f0ur var tali\u00f0\">Magas\u00e1r mun algengara \u00ed \u00edslenskum hrossum en \u00e1\u00f0ur var tali\u00f0<\/a><\/h3>            <div class=\"td-module-meta-info\">\r\n                                                <span class=\"td-post-date\"><time class=\"entry-date updated td-module-date\" datetime=\"2022-11-03T09:41:56+00:00\" >03\/11\/2022<\/time><\/span>                            <\/div>\r\n        <\/div>\r\n\r\n        <\/div>\r\n\r\n        \n\t<\/div> <!-- .\/td-block-span12 --><\/div><\/div> <!-- .\/block --><div class=\"td-a-rec td-a-rec-id-sidebar  tdi_30 td_block_template_1\">\n<style>\n\/* custom css - generated by TagDiv Composer *\/\n\/* custom css - generated by TagDiv Composer *\/\n.tdi_30.td-a-rec{\r\n\t\t\t\t\ttext-align: center;\r\n\t\t\t\t}.tdi_30.td-a-rec:not(.td-a-rec-no-translate){\r\n\t\t\t\t    transform: translateZ(0);\r\n\t\t\t\t}.tdi_30 .td-element-style{\r\n\t\t\t\t\tz-index: -1;\r\n\t\t\t\t}.tdi_30.td-a-rec-img{\r\n\t\t\t\t    text-align: left;\r\n\t\t\t\t}.tdi_30.td-a-rec-img img{\r\n                    margin: 0 auto 0 0;\r\n                }@media (max-width: 767px) {\r\n\t\t\t\t    .tdi_30.td-a-rec-img {\r\n\t\t\t\t        text-align: center;\r\n\t\t\t\t    }\r\n                }\n<\/style><span class=\"td-adspot-title\">- Advertisement -<\/span><div class=\"td-all-devices\"><a href=\"http:\/\/hestamennska.is\/hafa-samband\/\"><img decoding=\"async\" src=\"http:\/\/hestamennska.is\/wp-content\/uploads\/2019\/05\/Hestamennska-mai-310x400-4.gif\"\/><\/a><\/div><\/div><\/div><\/div><\/div><\/div><\/div><\/div>","protected":false},"excerpt":{"rendered":"","protected":false},"author":1,"featured_media":0,"parent":0,"menu_order":0,"comment_status":"closed","ping_status":"closed","template":"page-pagebuilder-title.php","meta":{"footnotes":""},"_links":{"self":[{"href":"https:\/\/hestamennska.is\/index.php?rest_route=\/wp\/v2\/pages\/142"}],"collection":[{"href":"https:\/\/hestamennska.is\/index.php?rest_route=\/wp\/v2\/pages"}],"about":[{"href":"https:\/\/hestamennska.is\/index.php?rest_route=\/wp\/v2\/types\/page"}],"author":[{"embeddable":true,"href":"https:\/\/hestamennska.is\/index.php?rest_route=\/wp\/v2\/users\/1"}],"replies":[{"embeddable":true,"href":"https:\/\/hestamennska.is\/index.php?rest_route=%2Fwp%2Fv2%2Fcomments&post=142"}],"version-history":[{"count":33,"href":"https:\/\/hestamennska.is\/index.php?rest_route=\/wp\/v2\/pages\/142\/revisions"}],"predecessor-version":[{"id":1384,"href":"https:\/\/hestamennska.is\/index.php?rest_route=\/wp\/v2\/pages\/142\/revisions\/1384"}],"wp:attachment":[{"href":"https:\/\/hestamennska.is\/index.php?rest_route=%2Fwp%2Fv2%2Fmedia&parent=142"}],"curies":[{"name":"wp","href":"https:\/\/api.w.org\/{rel}","templated":true}]}}